{"id":7,"date":"2026-04-12T13:19:48","date_gmt":"2026-04-12T13:19:48","guid":{"rendered":"http:\/\/mapario.com.br\/?page_id=7"},"modified":"2026-04-12T13:19:48","modified_gmt":"2026-04-12T13:19:48","slug":"pagina-inicial","status":"publish","type":"page","link":"https:\/\/mapario.com.br\/","title":{"rendered":"P\u00e1gina Inicial"},"content":{"rendered":"\n<div class=\"wp-block-group has-global-padding is-layout-constrained wp-container-core-group-is-layout-55a0b918 wp-block-group-is-layout-constrained\">\n\n\n<div style=\"height:40px\" aria-hidden=\"true\" class=\"wp-block-spacer\"><\/div>\n\n\n\n<figure class=\"wp-block-image aligncenter size-full\"><img decoding=\"async\" src=\"https:\/\/mapario.com.br\/wp-content\/uploads\/2026\/04\/logo_mapa_rio.png\" alt=\"Mapa Rio Logo\" class=\"wp-image-6\" style=\"max-width: 250px;\"\/><\/figure>\n\n\n\n<h1 class=\"wp-block-heading has-text-align-center\">Mapa Rio: Cultura &#038; Mobilidade<\/h1>\n\n\n\n<p class=\"has-text-align-center\">Assista aos nossos destaques mais recentes. Escolha um v\u00eddeo e navegue pelas transcri\u00e7\u00f5es detalhadas.<\/p>\n\n\n\n<div style=\"height:40px\" aria-hidden=\"true\" class=\"wp-block-spacer\"><\/div>\n\n\n\n<div class=\"wp-block-columns is-layout-flex wp-container-core-columns-is-layout-28f84493 wp-block-columns-is-layout-flex\">\n\n  \n  <div class=\"wp-block-column is-layout-flow wp-block-column-is-layout-flow\" style=\"padding:15px; border-radius:10px; background:#f9f9f9; box-shadow:0px 4px 6px rgba(0,0,0,0.05);\">\n    \n    <figure class=\"wp-block-video\"><video controls src=\"https:\/\/www.w3schools.com\/html\/mov_bbb.mp4\"><\/video><\/figure>\n    \n    \n    <h3 class=\"wp-block-heading\" style=\"font-size:clamp(14px, 0.875rem + ((1vw - 3.2px) * 0.588), 20px);\">Expans\u00e3o do VLT Carioca<\/h3>\n    \n    \n    <p style=\"font-size:clamp(14px, 0.875rem + ((1vw - 3.2px) * 0.098), 15px);\">Entenda as novas rotas que conectar\u00e3o a Zona Portu\u00e1ria at\u00e9 os bairros adjacentes neste epis\u00f3dio especial.<\/p>\n    \n    \n    <div class=\"wp-block-buttons is-layout-flex wp-block-buttons-is-layout-flex\">\n      \n      <div class=\"wp-block-button\"><a class=\"wp-block-button__link wp-element-button\" href=\"#\" style=\"border-radius:5px\">Ver Transcri\u00e7\u00e3o \/ Resenha \ud83d\udcdd<\/a><\/div>\n      \n    <\/div>\n    \n  <\/div>\n  \n\n  \n  <div class=\"wp-block-column is-layout-flow wp-block-column-is-layout-flow\" style=\"padding:15px; border-radius:10px; background:#f9f9f9; box-shadow:0px 4px 6px rgba(0,0,0,0.05);\">\n    \n    <figure class=\"wp-block-video\"><video controls src=\"https:\/\/www.w3schools.com\/html\/mov_bbb.mp4\"><\/video><\/figure>\n    \n    \n    <h3 class=\"wp-block-heading\" style=\"font-size:clamp(14px, 0.875rem + ((1vw - 3.2px) * 0.588), 20px);\">Novo Plano Diretor<\/h3>\n    \n    \n    <p style=\"font-size:clamp(14px, 0.875rem + ((1vw - 3.2px) * 0.098), 15px);\">A C\u00e2mara dos Vereadores aprovou mudan\u00e7as vitais para o uso do solo carioca: entenda o que muda para quem quer construir.<\/p>\n    \n    \n    <div class=\"wp-block-buttons is-layout-flex wp-block-buttons-is-layout-flex\">\n      \n      <div class=\"wp-block-button\"><a class=\"wp-block-button__link wp-element-button\" href=\"#\" style=\"border-radius:5px\">Ver Transcri\u00e7\u00e3o \/ Resenha \ud83d\udcdd<\/a><\/div>\n      \n    <\/div>\n    \n  <\/div>\n  \n\n<\/div>\n\n\n\n<div style=\"height:20px\" aria-hidden=\"true\" class=\"wp-block-spacer\"><\/div>\n\n\n<\/div>\n\n","protected":false},"excerpt":{"rendered":"<p>Mapa Rio: Cultura &#038; Mobilidade Assista aos nossos destaques mais recentes. Escolha um v\u00eddeo e navegue pelas transcri\u00e7\u00f5es detalhadas. Expans\u00e3o do VLT Carioca Entenda as novas rotas que conectar\u00e3o a Zona Portu\u00e1ria at\u00e9 os bairros adjacentes neste epis\u00f3dio especial. Novo Plano Diretor A C\u00e2mara dos Vereadores aprovou mudan\u00e7as vitais para o uso do solo carioca: [&hellip;]<\/p>\n","protected":false},"author":0,"featured_media":0,"parent":0,"menu_order":0,"comment_status":"closed","ping_status":"closed","template":"","meta":{"footnotes":""},"class_list":["post-7","page","type-page","status-publish","hentry"],"_links":{"self":[{"href":"https:\/\/mapario.com.br\/index.php?rest_route=\/wp\/v2\/pages\/7","targetHints":{"allow":["GET"]}}],"collection":[{"href":"https:\/\/mapario.com.br\/index.php?rest_route=\/wp\/v2\/pages"}],"about":[{"href":"https:\/\/mapario.com.br\/index.php?rest_route=\/wp\/v2\/types\/page"}],"replies":[{"embeddable":true,"href":"https:\/\/mapario.com.br\/index.php?rest_route=%2Fwp%2Fv2%2Fcomments&post=7"}],"version-history":[{"count":0,"href":"https:\/\/mapario.com.br\/index.php?rest_route=\/wp\/v2\/pages\/7\/revisions"}],"wp:attachment":[{"href":"https:\/\/mapario.com.br\/index.php?rest_route=%2Fwp%2Fv2%2Fmedia&parent=7"}],"curies":[{"name":"wp","href":"https:\/\/api.w.org\/{rel}","templated":true}]}}